{"id":1454,"date":"2026-01-06T10:11:34","date_gmt":"2026-01-06T09:11:34","guid":{"rendered":"https:\/\/www.winearoma.co\/?page_id=1454"},"modified":"2026-02-05T16:04:17","modified_gmt":"2026-02-05T15:04:17","slug":"importateur","status":"publish","type":"page","link":"https:\/\/www.winearoma.co\/fr\/importateur\/","title":{"rendered":"Importateur"},"content":{"rendered":"\t\t<div data-elementor-type=\"wp-page\" data-elementor-id=\"1454\" class=\"elementor elementor-1454\" data-elementor-post-type=\"page\">\n\t\t\t\t<div class=\"elementor-element elementor-element-98ea9f7 e-con-full e-flex e-con e-parent\" data-id=\"98ea9f7\" data-element_type=\"container\">\n\t\t<div class=\"elementor-element elementor-element-1ee6542 e-con-wide e-flex elementor-invisible e-con e-child\" data-id=\"1ee6542\" data-element_type=\"container\" data-settings=\"{&quot;animation&quot;:&quot;slideInUp&quot;}\">\n\t\t\t\t\t<div class=\"e-con-inner\">\n\t\t\t\t<div class=\"elementor-element elementor-element-fc47d2f elementor-widget elementor-widget-image\" data-id=\"fc47d2f\" data-element_type=\"widget\" data-widget_type=\"image.default\">\n\t\t\t\t\t\t\t\t\t\t\t\t\t\t\t<img decoding=\"async\" width=\"140\" height=\"200\" src=\"https:\/\/www.winearoma.co\/app\/uploads\/2025\/12\/importateur.png\" class=\"attachment-large size-large wp-image-565\" alt=\"\" \/>\t\t\t\t\t\t\t\t\t\t\t\t\t\t\t<\/div>\n\t\t\t\t<div class=\"elementor-element elementor-element-d0856a6 elementor-widget elementor-widget-heading\" data-id=\"d0856a6\" data-element_type=\"widget\" data-widget_type=\"heading.default\">\n\t\t\t\t\t<h1 class=\"elementor-heading-title elementor-size-default\">Je suis Acheteur\/Importateur<\/h1><p class=\"elementor-heading-subtitle elementor-size-default\">Je recherche des cuv\u00e9es d\u2019exception<\/p>\t\t\t\t<\/div>\n\t\t\t\t<div class=\"elementor-element elementor-element-e1adb59 elementor-widget elementor-widget-text-editor\" data-id=\"e1adb59\" data-element_type=\"widget\" data-widget_type=\"text-editor.default\">\n\t\t\t\t\t\t\t\t\t<p>Vous \u00eates restaurateur, importateur, caviste&#8230;&nbsp;<\/p>\t\t\t\t\t\t\t\t<\/div>\n\t\t\t\t\t<\/div>\n\t\t\t\t<\/div>\n\t\t<div class=\"elementor-element elementor-element-d156a3c e-flex e-con-boxed e-con e-child\" data-id=\"d156a3c\" data-element_type=\"container\">\n\t\t\t\t\t<div class=\"e-con-inner\">\n\t\t\t\t<div class=\"elementor-element elementor-element-9d8d615 elementor-invisible elementor-widget elementor-widget-image\" data-id=\"9d8d615\" data-element_type=\"widget\" data-settings=\"{&quot;_animation&quot;:&quot;slideInUp&quot;}\" data-widget_type=\"image.default\">\n\t\t\t\t\t\t\t\t\t\t\t\t\t\t\t<img fetchpriority=\"high\" decoding=\"async\" width=\"940\" height=\"500\" src=\"https:\/\/www.winearoma.co\/app\/uploads\/2026\/01\/header-je-suis-importateur.jpg\" class=\"attachment-large size-large wp-image-2005\" alt=\"\" srcset=\"https:\/\/www.winearoma.co\/app\/uploads\/2026\/01\/header-je-suis-importateur.jpg 940w, https:\/\/www.winearoma.co\/app\/uploads\/2026\/01\/header-je-suis-importateur-300x160.jpg 300w, https:\/\/www.winearoma.co\/app\/uploads\/2026\/01\/header-je-suis-importateur-768x409.jpg 768w\" sizes=\"(max-width: 940px) 100vw, 940px\" \/>\t\t\t\t\t\t\t\t\t\t\t\t\t\t\t<\/div>\n\t\t\t\t<div class=\"elementor-element elementor-element-ccaeb70 elementor-invisible elementor-widget elementor-widget-text-editor\" data-id=\"ccaeb70\" data-element_type=\"widget\" data-settings=\"{&quot;_animation&quot;:&quot;slideInUp&quot;}\" data-widget_type=\"text-editor.default\">\n\t\t\t\t\t\t\t\t\t<p>D\u00e9couvrez comment Wine Aroma peut simplifier votre distribution, \u00e9largir vos march\u00e9s et booster vos ventes gr\u00e2ce \u00e0 son r\u00e9seau et son expertise<\/p>\t\t\t\t\t\t\t\t<\/div>\n\t\t<div class=\"elementor-element elementor-element-be4b118 e-con-full e-flex elementor-invisible e-con e-child\" data-id=\"be4b118\" data-element_type=\"container\" data-settings=\"{&quot;animation&quot;:&quot;slideInUp&quot;}\">\n\t\t\t\t<div class=\"elementor-element elementor-element-0baaaab elementor-widget elementor-widget-heading\" data-id=\"0baaaab\" data-element_type=\"widget\" data-widget_type=\"heading.default\">\n\t\t\t\t\t<h2 class=\"elementor-heading-title elementor-size-default\">Premier contact<\/h2>\t\t\t\t<\/div>\n\t\t\t\t<div class=\"elementor-element elementor-element-1da1a1b elementor-widget__width-initial elementor-widget elementor-widget-text-editor\" data-id=\"1da1a1b\" data-element_type=\"widget\" data-widget_type=\"text-editor.default\">\n\t\t\t\t\t\t\t\t\t<p>Faisons connaissance ! Nous serons ravis d\u2019\u00e9changer avec vous et \u2014 pourquoi pas \u2014 d\u2019entamer une nouvelle aventure ensemble !<\/p>\t\t\t\t\t\t\t\t<\/div>\n\t\t\t\t<div class=\"elementor-element elementor-element-bcfbff5 form-dark elementor-widget elementor-widget-shortcode\" data-id=\"bcfbff5\" data-element_type=\"widget\" data-widget_type=\"shortcode.default\">\n\t\t\t\t\t\t\t<div class=\"elementor-shortcode\">\n<div class=\"wpcf7 no-js\" id=\"wpcf7-f1970-o1\" lang=\"fr-FR\" dir=\"ltr\" data-wpcf7-id=\"1970\">\n<div class=\"screen-reader-response\"><p role=\"status\" aria-live=\"polite\" aria-atomic=\"true\"><\/p> <ul><\/ul><\/div>\n<form action=\"\/fr\/wp-json\/wp\/v2\/pages\/1454#wpcf7-f1970-o1\" method=\"post\" class=\"wpcf7-form init\" aria-label=\"Formulaire de contact\" novalidate=\"novalidate\" data-status=\"init\">\n<fieldset class=\"hidden-fields-container\"><input type=\"hidden\" name=\"_wpcf7\" value=\"1970\" \/><input type=\"hidden\" name=\"_wpcf7_version\" value=\"6.1.4\" \/><input type=\"hidden\" name=\"_wpcf7_locale\" value=\"fr_FR\" \/><input type=\"hidden\" name=\"_wpcf7_unit_tag\" value=\"wpcf7-f1970-o1\" \/><input type=\"hidden\" name=\"_wpcf7_container_post\" value=\"0\" \/><input type=\"hidden\" name=\"_wpcf7_posted_data_hash\" value=\"\" \/><input type=\"hidden\" name=\"_wpcf7_recaptcha_response\" value=\"\" \/>\n<\/fieldset>\n<label for=\"fullname\">Nom \/ Pr\u00e9nom<\/label>\n<span class=\"wpcf7-form-control-wrap\" data-name=\"fullname\"><input size=\"40\" maxlength=\"400\" class=\"wpcf7-form-control wpcf7-text wpcf7-validates-as-required\" id=\"fullname\" autocomplete=\"name\" aria-required=\"true\" aria-invalid=\"false\" placeholder=\"Nom \/ Pr\u00e9nom\" value=\"\" type=\"text\" name=\"fullname\" \/><\/span>\n\n<label for=\"company\">Soci\u00e9t\u00e9<\/label>\n<span class=\"wpcf7-form-control-wrap\" data-name=\"company\"><input size=\"40\" maxlength=\"400\" class=\"wpcf7-form-control wpcf7-text\" id=\"company\" aria-invalid=\"false\" placeholder=\"Soci\u00e9t\u00e9\" value=\"\" type=\"text\" name=\"company\" \/><\/span>\n\n<label for=\"email\">Email<\/label>\n<span class=\"wpcf7-form-control-wrap\" data-name=\"email\"><input size=\"40\" maxlength=\"400\" class=\"wpcf7-form-control wpcf7-email wpcf7-validates-as-required wpcf7-text wpcf7-validates-as-email\" id=\"email\" autocomplete=\"email\" aria-required=\"true\" aria-invalid=\"false\" placeholder=\"Email\" value=\"\" type=\"email\" name=\"email\" \/><\/span>\n\n<label for=\"phone\">T\u00e9l\u00e9phone<\/label>\n<span class=\"wpcf7-form-control-wrap\" data-name=\"phone\"><input size=\"40\" maxlength=\"400\" class=\"wpcf7-form-control wpcf7-tel wpcf7-validates-as-required wpcf7-text wpcf7-validates-as-tel\" id=\"phone\" autocomplete=\"tel\" aria-required=\"true\" aria-invalid=\"false\" placeholder=\"T\u00e9l\u00e9phone\" value=\"\" type=\"tel\" name=\"phone\" \/><\/span>\n\n<label for=\"message\">Votre message<\/label>\n<span class=\"wpcf7-form-control-wrap\" data-name=\"message\"><textarea cols=\"40\" rows=\"4\" maxlength=\"2000\" class=\"wpcf7-form-control wpcf7-textarea wpcf7-validates-as-required\" id=\"message\" aria-required=\"true\" aria-invalid=\"false\" placeholder=\"Votre message\" name=\"message\"><\/textarea><\/span>\n\n<div class=\"wpcf7-form-control-wrap wpcf7-form-control-wrap-submit\"><input class=\"wpcf7-form-control wpcf7-submit has-spinner\" type=\"submit\" value=\"Envoyer\" \/><\/div><div class=\"wpcf7-response-output\" aria-hidden=\"true\"><\/div>\n<\/form>\n<\/div>\n<\/div>\n\t\t\t\t\t\t<\/div>\n\t\t\t\t<\/div>\n\t\t\t\t\t<\/div>\n\t\t\t\t<\/div>\n\t\t\t\t<div class=\"elementor-element elementor-element-7bd17c5 elementor-widget elementor-widget-shortcode\" data-id=\"7bd17c5\" data-element_type=\"widget\" data-widget_type=\"shortcode.default\">\n\t\t\t\t\t\t\t<div class=\"elementor-shortcode\">\t\t<div data-elementor-type=\"wp-post\" data-elementor-id=\"2105\" class=\"elementor elementor-2105\" data-elementor-post-type=\"oceanwp_library\">\n\t\t\t\t<div class=\"elementor-element elementor-element-0c9842b e-grid e-con-boxed e-con e-parent\" data-id=\"0c9842b\" data-element_type=\"container\">\n\t\t\t\t\t<div class=\"e-con-inner\">\n\t\t<div class=\"elementor-element elementor-element-84ec522 e-con-full e-flex e-con e-child\" data-id=\"84ec522\" data-element_type=\"container\" data-settings=\"{&quot;background_background&quot;:&quot;classic&quot;}\">\n\t\t\t\t<div class=\"elementor-element elementor-element-c976da8 elementor-widget elementor-widget-heading\" data-id=\"c976da8\" data-element_type=\"widget\" data-widget_type=\"heading.default\">\n\t\t\t\t\t<h2 class=\"elementor-heading-title elementor-size-default\"><a href=\"https:\/\/www.winearoma.co\/notre-maison\/\">Notre Maison<\/a><\/h2><p class=\"elementor-heading-subtitle elementor-size-default\">Une \u00e9quipe experte et passionn\u00e9e au service des meilleurs crus<\/p>\t\t\t\t<\/div>\n\t\t\t\t<div class=\"elementor-element elementor-element-f29acb7 elementor-button-outline-white elementor-align-center elementor-widget elementor-widget-button\" data-id=\"f29acb7\" data-element_type=\"widget\" data-widget_type=\"button.default\">\n\t\t\t\t\t\t\t\t\t\t<a class=\"elementor-button elementor-button-link elementor-size-sm\" href=\"https:\/\/www.winearoma.co\/notre-maison\/\">\n\t\t\t\t\t\t<span class=\"elementor-button-content-wrapper\">\n\t\t\t\t\t\t\t\t\t<span class=\"elementor-button-text\">En savoir plus<\/span>\n\t\t\t\t\t<\/span>\n\t\t\t\t\t<\/a>\n\t\t\t\t\t\t\t\t<\/div>\n\t\t\t\t<\/div>\n\t\t<div class=\"elementor-element elementor-element-d3fdb3d e-con-full e-flex e-con e-child\" data-id=\"d3fdb3d\" data-element_type=\"container\" data-settings=\"{&quot;background_background&quot;:&quot;classic&quot;}\">\n\t\t\t\t<div class=\"elementor-element elementor-element-424f8ec elementor-widget elementor-widget-heading\" data-id=\"424f8ec\" data-element_type=\"widget\" data-widget_type=\"heading.default\">\n\t\t\t\t\t<h2 class=\"elementor-heading-title elementor-size-default\"><a href=\"https:\/\/www.winearoma.co\/nos-selections\/\">Nos S\u00e9lections<\/a><\/h2><p class=\"elementor-heading-subtitle elementor-size-default\">Vins, champagnes et spiritueux<\/p>\t\t\t\t<\/div>\n\t\t\t\t<div class=\"elementor-element elementor-element-ed92eaf elementor-button-outline-white elementor-align-center elementor-widget elementor-widget-button\" data-id=\"ed92eaf\" data-element_type=\"widget\" data-widget_type=\"button.default\">\n\t\t\t\t\t\t\t\t\t\t<a class=\"elementor-button elementor-button-link elementor-size-sm\" href=\"https:\/\/www.winearoma.co\/nos-selections\/\">\n\t\t\t\t\t\t<span class=\"elementor-button-content-wrapper\">\n\t\t\t\t\t\t\t\t\t<span class=\"elementor-button-text\">En savoir plus<\/span>\n\t\t\t\t\t<\/span>\n\t\t\t\t\t<\/a>\n\t\t\t\t\t\t\t\t<\/div>\n\t\t\t\t<\/div>\n\t\t<div class=\"elementor-element elementor-element-6c49ad8 e-con-full e-flex e-con e-child\" data-id=\"6c49ad8\" data-element_type=\"container\" data-settings=\"{&quot;background_background&quot;:&quot;classic&quot;}\">\n\t\t\t\t<div class=\"elementor-element elementor-element-07cfd10 elementor-widget elementor-widget-heading\" data-id=\"07cfd10\" data-element_type=\"widget\" data-widget_type=\"heading.default\">\n\t\t\t\t\t<h2 class=\"elementor-heading-title elementor-size-default\"><a href=\"https:\/\/www.winearoma.co\/services\/\">Nos Services<\/a><\/h2><p class=\"elementor-heading-subtitle elementor-size-default\">Un accompagnement complet pour les professionnels du vin<\/p>\t\t\t\t<\/div>\n\t\t\t\t<div class=\"elementor-element elementor-element-91dd69f elementor-button-outline-white elementor-align-center elementor-widget elementor-widget-button\" data-id=\"91dd69f\" data-element_type=\"widget\" data-widget_type=\"button.default\">\n\t\t\t\t\t\t\t\t\t\t<a class=\"elementor-button elementor-button-link elementor-size-sm\" href=\"https:\/\/www.winearoma.co\/services\/\">\n\t\t\t\t\t\t<span class=\"elementor-button-content-wrapper\">\n\t\t\t\t\t\t\t\t\t<span class=\"elementor-button-text\">En savoir plus<\/span>\n\t\t\t\t\t<\/span>\n\t\t\t\t\t<\/a>\n\t\t\t\t\t\t\t\t<\/div>\n\t\t\t\t<\/div>\n\t\t\t\t\t<\/div>\n\t\t\t\t<\/div>\n\t\t\t\t<\/div>\n\t\t<\/div>\n\t\t\t\t\t\t<\/div>\n\t\t\t\t<\/div>\n\t\t\t\t<\/div>\n\t\t","protected":false},"excerpt":{"rendered":"<p>Je suis Acheteur\/Importateur Je recherche des cuv\u00e9es d\u2019exception Vous \u00eates restaurateur, importateur, caviste&#8230;&nbsp; D\u00e9couvrez comment Wine Aroma peut simplifier votre distribution, \u00e9largir vos march\u00e9s et booster vos ventes gr\u00e2ce \u00e0 son r\u00e9seau et son expertise Premier contact Faisons connaissance ! Nous serons ravis d\u2019\u00e9changer avec vous et \u2014 pourquoi pas \u2014 d\u2019entamer une nouvelle aventure [&hellip;]<\/p>\n","protected":false},"author":1,"featured_media":0,"parent":0,"menu_order":0,"comment_status":"closed","ping_status":"closed","template":"","meta":{"ocean_post_layout":"","ocean_both_sidebars_style":"","ocean_both_sidebars_content_width":0,"ocean_both_sidebars_sidebars_width":0,"ocean_sidebar":"","ocean_second_sidebar":"","ocean_disable_margins":"enable","ocean_add_body_class":"","ocean_shortcode_before_top_bar":"","ocean_shortcode_after_top_bar":"","ocean_shortcode_before_header":"","ocean_shortcode_after_header":"","ocean_has_shortcode":"","ocean_shortcode_after_title":"","ocean_shortcode_before_footer_widgets":"","ocean_shortcode_after_footer_widgets":"","ocean_shortcode_before_footer_bottom":"","ocean_shortcode_after_footer_bottom":"","ocean_display_top_bar":"default","ocean_display_header":"default","ocean_header_style":"","ocean_center_header_left_menu":"","ocean_custom_header_template":"","ocean_custom_logo":0,"ocean_custom_retina_logo":0,"ocean_custom_logo_max_width":0,"ocean_custom_logo_tablet_max_width":0,"ocean_custom_logo_mobile_max_width":0,"ocean_custom_logo_max_height":0,"ocean_custom_logo_tablet_max_height":0,"ocean_custom_logo_mobile_max_height":0,"ocean_header_custom_menu":"","ocean_menu_typo_font_family":"","ocean_menu_typo_font_subset":"","ocean_menu_typo_font_size":0,"ocean_menu_typo_font_size_tablet":0,"ocean_menu_typo_font_size_mobile":0,"ocean_menu_typo_font_size_unit":"px","ocean_menu_typo_font_weight":"","ocean_menu_typo_font_weight_tablet":"","ocean_menu_typo_font_weight_mobile":"","ocean_menu_typo_transform":"","ocean_menu_typo_transform_tablet":"","ocean_menu_typo_transform_mobile":"","ocean_menu_typo_line_height":0,"ocean_menu_typo_line_height_tablet":0,"ocean_menu_typo_line_height_mobile":0,"ocean_menu_typo_line_height_unit":"","ocean_menu_typo_spacing":0,"ocean_menu_typo_spacing_tablet":0,"ocean_menu_typo_spacing_mobile":0,"ocean_menu_typo_spacing_unit":"","ocean_menu_link_color":"","ocean_menu_link_color_hover":"","ocean_menu_link_color_active":"","ocean_menu_link_background":"","ocean_menu_link_hover_background":"","ocean_menu_link_active_background":"","ocean_menu_social_links_bg":"","ocean_menu_social_hover_links_bg":"","ocean_menu_social_links_color":"","ocean_menu_social_hover_links_color":"","ocean_disable_title":"on","ocean_disable_heading":"default","ocean_post_title":"","ocean_post_subheading":"","ocean_post_title_style":"","ocean_post_title_background_color":"","ocean_post_title_background":0,"ocean_post_title_bg_image_position":"","ocean_post_title_bg_image_attachment":"","ocean_post_title_bg_image_repeat":"","ocean_post_title_bg_image_size":"","ocean_post_title_height":0,"ocean_post_title_bg_overlay":0.5,"ocean_post_title_bg_overlay_color":"","ocean_disable_breadcrumbs":"default","ocean_breadcrumbs_color":"","ocean_breadcrumbs_separator_color":"","ocean_breadcrumbs_links_color":"","ocean_breadcrumbs_links_hover_color":"","ocean_display_footer_widgets":"default","ocean_display_footer_bottom":"default","ocean_custom_footer_template":"","ocean_post_description":"","ocean_post_has_header_border_bottom":"on","ocean_custom_responsive_logo":0,"omw_enable_modal_window":"enable","osh_disable_topbar_sticky":"default","osh_disable_header_sticky":"default","osh_sticky_header_style":"default","osh_sticky_header_effect":"","osh_custom_sticky_logo":0,"osh_custom_retina_sticky_logo":0,"osh_custom_sticky_logo_height":0,"osh_background_color":"","osh_links_color":"","osh_links_hover_color":"","osh_links_active_color":"","osh_links_bg_color":"","osh_links_hover_bg_color":"","osh_links_active_bg_color":"","osh_menu_social_links_color":"","osh_menu_social_hover_links_color":"","footnotes":""},"class_list":["post-1454","page","type-page","status-publish","hentry","entry"],"yoast_head":"<!-- This site is optimized with the Yoast SEO plugin v26.7 - https:\/\/yoast.com\/wordpress\/plugins\/seo\/ -->\n<title>Importateur - Wine Aroma<\/title>\n<meta name=\"robots\" content=\"index, follow, max-snippet:-1, max-image-preview:large, max-video-preview:-1\" \/>\n<link rel=\"canonical\" href=\"https:\/\/www.winearoma.co\/fr\/importateur\/\" \/>\n<meta property=\"og:locale\" content=\"fr_FR\" \/>\n<meta property=\"og:type\" content=\"article\" \/>\n<meta property=\"og:title\" content=\"Importateur - Wine Aroma\" \/>\n<meta property=\"og:description\" content=\"Je suis Acheteur\/Importateur Je recherche des cuv\u00e9es d\u2019exception Vous \u00eates restaurateur, importateur, caviste&#8230;&nbsp; D\u00e9couvrez comment Wine Aroma peut simplifier votre distribution, \u00e9largir vos march\u00e9s et booster vos ventes gr\u00e2ce \u00e0 son r\u00e9seau et son expertise Premier contact Faisons connaissance ! Nous serons ravis d\u2019\u00e9changer avec vous et \u2014 pourquoi pas \u2014 d\u2019entamer une nouvelle aventure [&hellip;]\" \/>\n<meta property=\"og:url\" content=\"https:\/\/www.winearoma.co\/fr\/importateur\/\" \/>\n<meta property=\"og:site_name\" content=\"Wine Aroma\" \/>\n<meta property=\"article:modified_time\" content=\"2026-02-05T15:04:17+00:00\" \/>\n<meta property=\"og:image\" content=\"https:\/\/www.winearoma.co\/app\/uploads\/2025\/12\/importateur.png\" \/>\n\t<meta property=\"og:image:width\" content=\"140\" \/>\n\t<meta property=\"og:image:height\" content=\"200\" \/>\n\t<meta property=\"og:image:type\" content=\"image\/png\" \/>\n<meta name=\"twitter:card\" content=\"summary_large_image\" \/>\n<meta name=\"twitter:label1\" content=\"Dur\u00e9e de lecture estim\u00e9e\" \/>\n\t<meta name=\"twitter:data1\" content=\"1 minute\" \/>\n<script type=\"application\/ld+json\" class=\"yoast-schema-graph\">{\"@context\":\"https:\/\/schema.org\",\"@graph\":[{\"@type\":\"WebPage\",\"@id\":\"https:\/\/www.winearoma.co\/fr\/importateur\/\",\"url\":\"https:\/\/www.winearoma.co\/fr\/importateur\/\",\"name\":\"Importateur - Wine Aroma\",\"isPartOf\":{\"@id\":\"https:\/\/www.winearoma.co\/fr\/#website\"},\"primaryImageOfPage\":{\"@id\":\"https:\/\/www.winearoma.co\/fr\/importateur\/#primaryimage\"},\"image\":{\"@id\":\"https:\/\/www.winearoma.co\/fr\/importateur\/#primaryimage\"},\"thumbnailUrl\":\"https:\/\/www.winearoma.co\/app\/uploads\/2025\/12\/importateur.png\",\"datePublished\":\"2026-01-06T09:11:34+00:00\",\"dateModified\":\"2026-02-05T15:04:17+00:00\",\"breadcrumb\":{\"@id\":\"https:\/\/www.winearoma.co\/fr\/importateur\/#breadcrumb\"},\"inLanguage\":\"fr-FR\",\"potentialAction\":[{\"@type\":\"ReadAction\",\"target\":[\"https:\/\/www.winearoma.co\/fr\/importateur\/\"]}]},{\"@type\":\"ImageObject\",\"inLanguage\":\"fr-FR\",\"@id\":\"https:\/\/www.winearoma.co\/fr\/importateur\/#primaryimage\",\"url\":\"https:\/\/www.winearoma.co\/app\/uploads\/2025\/12\/importateur.png\",\"contentUrl\":\"https:\/\/www.winearoma.co\/app\/uploads\/2025\/12\/importateur.png\"},{\"@type\":\"BreadcrumbList\",\"@id\":\"https:\/\/www.winearoma.co\/fr\/importateur\/#breadcrumb\",\"itemListElement\":[{\"@type\":\"ListItem\",\"position\":1,\"name\":\"Home\",\"item\":\"https:\/\/www.winearoma.co\/fr\/\"},{\"@type\":\"ListItem\",\"position\":2,\"name\":\"Importateur\"}]},{\"@type\":\"WebSite\",\"@id\":\"https:\/\/www.winearoma.co\/fr\/#website\",\"url\":\"https:\/\/www.winearoma.co\/fr\/\",\"name\":\"Wine Aroma\",\"description\":\"\",\"publisher\":{\"@id\":\"https:\/\/www.winearoma.co\/fr\/#organization\"},\"potentialAction\":[{\"@type\":\"SearchAction\",\"target\":{\"@type\":\"EntryPoint\",\"urlTemplate\":\"https:\/\/www.winearoma.co\/fr\/?s={search_term_string}\"},\"query-input\":{\"@type\":\"PropertyValueSpecification\",\"valueRequired\":true,\"valueName\":\"search_term_string\"}}],\"inLanguage\":\"fr-FR\"},{\"@type\":\"Organization\",\"@id\":\"https:\/\/www.winearoma.co\/fr\/#organization\",\"name\":\"Wine Aroma\",\"url\":\"https:\/\/www.winearoma.co\/fr\/\",\"logo\":{\"@type\":\"ImageObject\",\"inLanguage\":\"fr-FR\",\"@id\":\"https:\/\/www.winearoma.co\/fr\/#\/schema\/logo\/image\/\",\"url\":\"https:\/\/www.winearoma.co\/app\/uploads\/2025\/12\/logo-black.png\",\"contentUrl\":\"https:\/\/www.winearoma.co\/app\/uploads\/2025\/12\/logo-black.png\",\"width\":300,\"height\":69,\"caption\":\"Wine Aroma\"},\"image\":{\"@id\":\"https:\/\/www.winearoma.co\/fr\/#\/schema\/logo\/image\/\"}}]}<\/script>\n<!-- \/ Yoast SEO plugin. -->","yoast_head_json":{"title":"Importateur - Wine Aroma","robots":{"index":"index","follow":"follow","max-snippet":"max-snippet:-1","max-image-preview":"max-image-preview:large","max-video-preview":"max-video-preview:-1"},"canonical":"https:\/\/www.winearoma.co\/fr\/importateur\/","og_locale":"fr_FR","og_type":"article","og_title":"Importateur - Wine Aroma","og_description":"Je suis Acheteur\/Importateur Je recherche des cuv\u00e9es d\u2019exception Vous \u00eates restaurateur, importateur, caviste&#8230;&nbsp; D\u00e9couvrez comment Wine Aroma peut simplifier votre distribution, \u00e9largir vos march\u00e9s et booster vos ventes gr\u00e2ce \u00e0 son r\u00e9seau et son expertise Premier contact Faisons connaissance ! Nous serons ravis d\u2019\u00e9changer avec vous et \u2014 pourquoi pas \u2014 d\u2019entamer une nouvelle aventure [&hellip;]","og_url":"https:\/\/www.winearoma.co\/fr\/importateur\/","og_site_name":"Wine Aroma","article_modified_time":"2026-02-05T15:04:17+00:00","og_image":[{"width":140,"height":200,"url":"https:\/\/www.winearoma.co\/app\/uploads\/2025\/12\/importateur.png","type":"image\/png"}],"twitter_card":"summary_large_image","twitter_misc":{"Dur\u00e9e de lecture estim\u00e9e":"1 minute"},"schema":{"@context":"https:\/\/schema.org","@graph":[{"@type":"WebPage","@id":"https:\/\/www.winearoma.co\/fr\/importateur\/","url":"https:\/\/www.winearoma.co\/fr\/importateur\/","name":"Importateur - Wine Aroma","isPartOf":{"@id":"https:\/\/www.winearoma.co\/fr\/#website"},"primaryImageOfPage":{"@id":"https:\/\/www.winearoma.co\/fr\/importateur\/#primaryimage"},"image":{"@id":"https:\/\/www.winearoma.co\/fr\/importateur\/#primaryimage"},"thumbnailUrl":"https:\/\/www.winearoma.co\/app\/uploads\/2025\/12\/importateur.png","datePublished":"2026-01-06T09:11:34+00:00","dateModified":"2026-02-05T15:04:17+00:00","breadcrumb":{"@id":"https:\/\/www.winearoma.co\/fr\/importateur\/#breadcrumb"},"inLanguage":"fr-FR","potentialAction":[{"@type":"ReadAction","target":["https:\/\/www.winearoma.co\/fr\/importateur\/"]}]},{"@type":"ImageObject","inLanguage":"fr-FR","@id":"https:\/\/www.winearoma.co\/fr\/importateur\/#primaryimage","url":"https:\/\/www.winearoma.co\/app\/uploads\/2025\/12\/importateur.png","contentUrl":"https:\/\/www.winearoma.co\/app\/uploads\/2025\/12\/importateur.png"},{"@type":"BreadcrumbList","@id":"https:\/\/www.winearoma.co\/fr\/importateur\/#breadcrumb","itemListElement":[{"@type":"ListItem","position":1,"name":"Home","item":"https:\/\/www.winearoma.co\/fr\/"},{"@type":"ListItem","position":2,"name":"Importateur"}]},{"@type":"WebSite","@id":"https:\/\/www.winearoma.co\/fr\/#website","url":"https:\/\/www.winearoma.co\/fr\/","name":"Wine Aroma","description":"","publisher":{"@id":"https:\/\/www.winearoma.co\/fr\/#organization"},"potentialAction":[{"@type":"SearchAction","target":{"@type":"EntryPoint","urlTemplate":"https:\/\/www.winearoma.co\/fr\/?s={search_term_string}"},"query-input":{"@type":"PropertyValueSpecification","valueRequired":true,"valueName":"search_term_string"}}],"inLanguage":"fr-FR"},{"@type":"Organization","@id":"https:\/\/www.winearoma.co\/fr\/#organization","name":"Wine Aroma","url":"https:\/\/www.winearoma.co\/fr\/","logo":{"@type":"ImageObject","inLanguage":"fr-FR","@id":"https:\/\/www.winearoma.co\/fr\/#\/schema\/logo\/image\/","url":"https:\/\/www.winearoma.co\/app\/uploads\/2025\/12\/logo-black.png","contentUrl":"https:\/\/www.winearoma.co\/app\/uploads\/2025\/12\/logo-black.png","width":300,"height":69,"caption":"Wine Aroma"},"image":{"@id":"https:\/\/www.winearoma.co\/fr\/#\/schema\/logo\/image\/"}}]}},"_links":{"self":[{"href":"https:\/\/www.winearoma.co\/fr\/wp-json\/wp\/v2\/pages\/1454","targetHints":{"allow":["GET"]}}],"collection":[{"href":"https:\/\/www.winearoma.co\/fr\/wp-json\/wp\/v2\/pages"}],"about":[{"href":"https:\/\/www.winearoma.co\/fr\/wp-json\/wp\/v2\/types\/page"}],"author":[{"embeddable":true,"href":"https:\/\/www.winearoma.co\/fr\/wp-json\/wp\/v2\/users\/1"}],"replies":[{"embeddable":true,"href":"https:\/\/www.winearoma.co\/fr\/wp-json\/wp\/v2\/comments?post=1454"}],"version-history":[{"count":3,"href":"https:\/\/www.winearoma.co\/fr\/wp-json\/wp\/v2\/pages\/1454\/revisions"}],"predecessor-version":[{"id":2552,"href":"https:\/\/www.winearoma.co\/fr\/wp-json\/wp\/v2\/pages\/1454\/revisions\/2552"}],"wp:attachment":[{"href":"https:\/\/www.winearoma.co\/fr\/wp-json\/wp\/v2\/media?parent=1454"}],"curies":[{"name":"wp","href":"https:\/\/api.w.org\/{rel}","templated":true}]}}