{"id":253,"date":"2025-12-22T16:03:28","date_gmt":"2025-12-22T15:03:28","guid":{"rendered":"https:\/\/www.winearoma.co\/?page_id=253"},"modified":"2026-01-22T15:53:08","modified_gmt":"2026-01-22T14:53:08","slug":"mentions-legales","status":"publish","type":"page","link":"https:\/\/www.winearoma.co\/fr\/mentions-legales\/","title":{"rendered":"Mentions l\u00e9gales"},"content":{"rendered":"\t\t<div data-elementor-type=\"wp-page\" data-elementor-id=\"253\" class=\"elementor elementor-253\" data-elementor-post-type=\"page\">\n\t\t\t\t<div class=\"elementor-element elementor-element-d84fd60 e-flex e-con-boxed e-con e-parent\" data-id=\"d84fd60\" data-element_type=\"container\">\n\t\t\t\t\t<div class=\"e-con-inner\">\n\t\t\t\t<div class=\"elementor-element elementor-element-51cbccd elementor-widget elementor-widget-text-editor\" data-id=\"51cbccd\" data-element_type=\"widget\" data-widget_type=\"text-editor.default\">\n\t\t\t\t\t\t\t\t\t<h2>\u00c9diteur du site<\/h2><p>Le pr\u00e9sent site, accessible \u00e0 l\u2019URL www.winearoma.co (ci-apr\u00e8s le \u00ab Site \u00bb), est \u00e9dit\u00e9 par :<\/p><p>Wine Aroma<br \/>Forme juridique : SAS<br \/>Capital social : 20 000 \u20ac<br \/>Si\u00e8ge social : 1913 Route de Plaisance, 33330 Saint Sulpice de Faleyrens (Saint Emilion), FRANCE<br \/>Immatricul\u00e9 au RCS de Libourne sous le num\u00e9ro 987858156<br \/>Num\u00e9ro de TVA intracommunautaire : FR22987858156<br \/>T\u00e9l\u00e9phone : +33 6 37 62 12 38<br \/>Adresse e-mail : c.david@wine-aroma.eu<\/p><p>Directeur de la publication : Samuel BUTEAU<\/p>\t\t\t\t\t\t\t\t<\/div>\n\t\t\t\t<div class=\"elementor-element elementor-element-b8ec9bc elementor-widget elementor-widget-text-editor\" data-id=\"b8ec9bc\" data-element_type=\"widget\" data-widget_type=\"text-editor.default\">\n\t\t\t\t\t\t\t\t\t<h2>Conception et d\u00e9veloppement<\/h2><p>Le Site a \u00e9t\u00e9 con\u00e7u et d\u00e9velopp\u00e9 par :<\/p><p>Plan B Communication &#8211; Agence de communication digitale<br \/>Adresse : 11 route de la croix moriau, 44350 Gu\u00e9rande<br \/>Site web : <a href=\"https:\/\/www.planb-communication.com\/\" target=\"_blank\" rel=\"noopener\">www.planb-communication.com<\/a><br \/>T\u00e9l\u00e9phone : <a href=\"tel:+33240455776\">+33 (0)2 40 45 57 76<\/a><br \/>Email : <a href=\"mailto:contact@planb-communication.com\">contact@planb-communication.com<\/a><\/p>\t\t\t\t\t\t\t\t<\/div>\n\t\t\t\t<div class=\"elementor-element elementor-element-f86ebf3 elementor-widget elementor-widget-text-editor\" data-id=\"f86ebf3\" data-element_type=\"widget\" data-widget_type=\"text-editor.default\">\n\t\t\t\t\t\t\t\t\t<h2>Propri\u00e9t\u00e9 intellectuelle<\/h2><p>L\u2019ensemble du contenu du Site (textes, images, graphismes, logos, ic\u00f4nes, vid\u00e9os, sons, logiciels, etc.) est prot\u00e9g\u00e9 par le droit d\u2019auteur et les lois relatives \u00e0 la propri\u00e9t\u00e9 intellectuelle, et est la propri\u00e9t\u00e9 exclusive de Wine Aroma, sauf mentions contraires.<\/p><p>Toute reproduction, repr\u00e9sentation, modification, publication, adaptation, totale ou partielle, de tout ou partie des \u00e9l\u00e9ments du Site, quel que soit le moyen ou le proc\u00e9d\u00e9 utilis\u00e9, est interdite sans l\u2019autorisation \u00e9crite pr\u00e9alable de Wine Aroma.<\/p>\t\t\t\t\t\t\t\t<\/div>\n\t\t\t\t<div class=\"elementor-element elementor-element-08845ff elementor-widget elementor-widget-text-editor\" data-id=\"08845ff\" data-element_type=\"widget\" data-widget_type=\"text-editor.default\">\n\t\t\t\t\t\t\t\t\t<h2>Responsabilit\u00e9<\/h2><p>Wine Aroma s\u2019efforce d\u2019assurer l\u2019exactitude et la mise \u00e0 jour des informations diffus\u00e9es sur le Site. Toutefois, Wine Aroma ne saurait \u00eatre tenue responsable des erreurs, omissions ou r\u00e9sultats qui pourraient \u00eatre obtenus par un mauvais usage de ces informations.<\/p><p>Le Site peut contenir des liens vers d\u2019autres sites internet. Wine Aroma ne saurait \u00eatre tenue responsable du contenu de ces sites tiers.<\/p>\t\t\t\t\t\t\t\t<\/div>\n\t\t\t\t<div class=\"elementor-element elementor-element-8293a31 elementor-widget elementor-widget-text-editor\" data-id=\"8293a31\" data-element_type=\"widget\" data-widget_type=\"text-editor.default\">\n\t\t\t\t\t\t\t\t\t<h2>Donn\u00e9es personnelles<\/h2><p>Les informations personnelles \u00e9ventuellement collect\u00e9es sur le Site sont trait\u00e9es conform\u00e9ment \u00e0 la r\u00e9glementation en vigueur (RGPD et loi Informatique et Libert\u00e9s).<\/p><p>L\u2019utilisateur dispose d\u2019un droit d\u2019acc\u00e8s, de rectification, d\u2019effacement, d\u2019opposition et de portabilit\u00e9 de ses donn\u00e9es personnelles, qu\u2019il peut exercer en adressant une demande \u00e0 :<br \/>c.david@wine-aroma.eu<\/p><p>Pour plus d\u2019informations, veuillez consulter la <a href=\"https:\/\/www.winearoma.co\/politique-de-confidentialite-et-cookies\/\">Politique de confidentialit\u00e9<\/a> du Site.<\/p>\t\t\t\t\t\t\t\t<\/div>\n\t\t\t\t<div class=\"elementor-element elementor-element-30bb83d elementor-widget elementor-widget-text-editor\" data-id=\"30bb83d\" data-element_type=\"widget\" data-widget_type=\"text-editor.default\">\n\t\t\t\t\t\t\t\t\t<h2>Cookies<\/h2><p>Le Site peut utiliser des cookies afin d\u2019am\u00e9liorer l\u2019exp\u00e9rience utilisateur et r\u00e9aliser des statistiques de navigation. L\u2019utilisateur peut configurer son navigateur pour refuser tout ou partie des cookies.<\/p>\t\t\t\t\t\t\t\t<\/div>\n\t\t\t\t<div class=\"elementor-element elementor-element-d40588a elementor-widget elementor-widget-text-editor\" data-id=\"d40588a\" data-element_type=\"widget\" data-widget_type=\"text-editor.default\">\n\t\t\t\t\t\t\t\t\t<h2>H\u00e9bergement<\/h2>\n<p>Le Site est h\u00e9berg\u00e9 par :&nbsp;<span style=\"color: #4d5693; font-family: 'Source Sans Pro', 'Trebuchet MS', Arial, 'Segoe UI', sans-serif; font-size: 16px; font-style: normal; font-variant-ligatures: normal; font-variant-caps: normal;\">OVH SAS&nbsp;<\/span><\/p>\n<p><span style=\"font-size: 16px;\">Adresse :&nbsp;<\/span><span style=\"font-size: 16px; font-style: normal; font-variant-ligatures: normal; font-variant-caps: normal; color: #4d5693; font-family: 'Source Sans Pro', 'Trebuchet MS', Arial, 'Segoe UI', sans-serif;\">2 rue Kellermann<\/span><\/p>\n<p><span style=\"font-size: 16px; font-style: normal; font-variant-ligatures: normal; font-variant-caps: normal; color: #4d5693; font-family: 'Source Sans Pro', 'Trebuchet MS', Arial, 'Segoe UI', sans-serif;\">59100 Roubaix &#8211; France<\/span><\/p>\n<p>T\u00e9l\u00e9phone : 09 72 10 10 10<br>Site web :&nbsp;https:\/\/www.ovhcloud.com\/fr<\/p>\t\t\t\t\t\t\t\t<\/div>\n\t\t\t\t\t<\/div>\n\t\t\t\t<\/div>\n\t\t\t\t<\/div>\n\t\t","protected":false},"excerpt":{"rendered":"<p>\u00c9diteur du site Le pr\u00e9sent site, accessible \u00e0 l\u2019URL www.winearoma.co (ci-apr\u00e8s le \u00ab Site \u00bb), est \u00e9dit\u00e9 par : Wine AromaForme juridique : SASCapital social : 20 000 \u20acSi\u00e8ge social : Immatricul\u00e9 au RCS de Libourne sous le num\u00e9ro 987858156Num\u00e9ro de TVA intracommunautaire : FR22987858156T\u00e9l\u00e9phone : Adresse e-mail : Directeur de la publication : Samuel [&hellip;]<\/p>\n","protected":false},"author":1,"featured_media":0,"parent":0,"menu_order":0,"comment_status":"closed","ping_status":"closed","template":"","meta":{"ocean_post_layout":"","ocean_both_sidebars_style":"","ocean_both_sidebars_content_width":0,"ocean_both_sidebars_sidebars_width":0,"ocean_sidebar":"","ocean_second_sidebar":"","ocean_disable_margins":"enable","ocean_add_body_class":"","ocean_shortcode_before_top_bar":"","ocean_shortcode_after_top_bar":"","ocean_shortcode_before_header":"","ocean_shortcode_after_header":"","ocean_has_shortcode":"","ocean_shortcode_after_title":"","ocean_shortcode_before_footer_widgets":"","ocean_shortcode_after_footer_widgets":"","ocean_shortcode_before_footer_bottom":"","ocean_shortcode_after_footer_bottom":"","ocean_display_top_bar":"default","ocean_display_header":"default","ocean_header_style":"","ocean_center_header_left_menu":"","ocean_custom_header_template":"","ocean_custom_logo":0,"ocean_custom_retina_logo":0,"ocean_custom_logo_max_width":0,"ocean_custom_logo_tablet_max_width":0,"ocean_custom_logo_mobile_max_width":0,"ocean_custom_logo_max_height":0,"ocean_custom_logo_tablet_max_height":0,"ocean_custom_logo_mobile_max_height":0,"ocean_header_custom_menu":"","ocean_menu_typo_font_family":"","ocean_menu_typo_font_subset":"","ocean_menu_typo_font_size":0,"ocean_menu_typo_font_size_tablet":0,"ocean_menu_typo_font_size_mobile":0,"ocean_menu_typo_font_size_unit":"px","ocean_menu_typo_font_weight":"","ocean_menu_typo_font_weight_tablet":"","ocean_menu_typo_font_weight_mobile":"","ocean_menu_typo_transform":"","ocean_menu_typo_transform_tablet":"","ocean_menu_typo_transform_mobile":"","ocean_menu_typo_line_height":0,"ocean_menu_typo_line_height_tablet":0,"ocean_menu_typo_line_height_mobile":0,"ocean_menu_typo_line_height_unit":"","ocean_menu_typo_spacing":0,"ocean_menu_typo_spacing_tablet":0,"ocean_menu_typo_spacing_mobile":0,"ocean_menu_typo_spacing_unit":"","ocean_menu_link_color":"","ocean_menu_link_color_hover":"","ocean_menu_link_color_active":"","ocean_menu_link_background":"","ocean_menu_link_hover_background":"","ocean_menu_link_active_background":"","ocean_menu_social_links_bg":"","ocean_menu_social_hover_links_bg":"","ocean_menu_social_links_color":"","ocean_menu_social_hover_links_color":"","ocean_disable_title":"default","ocean_disable_heading":"default","ocean_post_title":"","ocean_post_subheading":"","ocean_post_title_style":"","ocean_post_title_background_color":"","ocean_post_title_background":0,"ocean_post_title_bg_image_position":"","ocean_post_title_bg_image_attachment":"","ocean_post_title_bg_image_repeat":"","ocean_post_title_bg_image_size":"","ocean_post_title_height":0,"ocean_post_title_bg_overlay":0.5,"ocean_post_title_bg_overlay_color":"","ocean_disable_breadcrumbs":"default","ocean_breadcrumbs_color":"","ocean_breadcrumbs_separator_color":"","ocean_breadcrumbs_links_color":"","ocean_breadcrumbs_links_hover_color":"","ocean_display_footer_widgets":"default","ocean_display_footer_bottom":"default","ocean_custom_footer_template":"","ocean_post_description":"","ocean_post_has_header_border_bottom":"default","ocean_custom_responsive_logo":0,"omw_enable_modal_window":"enable","osh_disable_topbar_sticky":"default","osh_disable_header_sticky":"default","osh_sticky_header_style":"default","osh_sticky_header_effect":"","osh_custom_sticky_logo":0,"osh_custom_retina_sticky_logo":0,"osh_custom_sticky_logo_height":0,"osh_background_color":"","osh_links_color":"","osh_links_hover_color":"","osh_links_active_color":"","osh_links_bg_color":"","osh_links_hover_bg_color":"","osh_links_active_bg_color":"","osh_menu_social_links_color":"","osh_menu_social_hover_links_color":"","footnotes":""},"class_list":["post-253","page","type-page","status-publish","hentry","entry"],"yoast_head":"<!-- This site is optimized with the Yoast SEO plugin v26.7 - https:\/\/yoast.com\/wordpress\/plugins\/seo\/ -->\n<title>Mentions l\u00e9gales - Wine Aroma<\/title>\n<meta name=\"robots\" content=\"index, follow, max-snippet:-1, max-image-preview:large, max-video-preview:-1\" \/>\n<link rel=\"canonical\" href=\"https:\/\/www.winearoma.co\/fr\/mentions-legales\/\" \/>\n<meta property=\"og:locale\" content=\"fr_FR\" \/>\n<meta property=\"og:type\" content=\"article\" \/>\n<meta property=\"og:title\" content=\"Mentions l\u00e9gales - Wine Aroma\" \/>\n<meta property=\"og:description\" content=\"\u00c9diteur du site Le pr\u00e9sent site, accessible \u00e0 l\u2019URL www.winearoma.co (ci-apr\u00e8s le \u00ab Site \u00bb), est \u00e9dit\u00e9 par : Wine AromaForme juridique : SASCapital social : 20 000 \u20acSi\u00e8ge social : Immatricul\u00e9 au RCS de Libourne sous le num\u00e9ro 987858156Num\u00e9ro de TVA intracommunautaire : FR22987858156T\u00e9l\u00e9phone : Adresse e-mail : Directeur de la publication : Samuel [&hellip;]\" \/>\n<meta property=\"og:url\" content=\"https:\/\/www.winearoma.co\/fr\/mentions-legales\/\" \/>\n<meta property=\"og:site_name\" content=\"Wine Aroma\" \/>\n<meta property=\"article:modified_time\" content=\"2026-01-22T14:53:08+00:00\" \/>\n<meta name=\"twitter:card\" content=\"summary_large_image\" \/>\n<meta name=\"twitter:label1\" content=\"Dur\u00e9e de lecture estim\u00e9e\" \/>\n\t<meta name=\"twitter:data1\" content=\"2 minutes\" \/>\n<script type=\"application\/ld+json\" class=\"yoast-schema-graph\">{\"@context\":\"https:\/\/schema.org\",\"@graph\":[{\"@type\":\"WebPage\",\"@id\":\"https:\/\/www.winearoma.co\/fr\/mentions-legales\/\",\"url\":\"https:\/\/www.winearoma.co\/fr\/mentions-legales\/\",\"name\":\"Mentions l\u00e9gales - Wine Aroma\",\"isPartOf\":{\"@id\":\"https:\/\/www.winearoma.co\/fr\/#website\"},\"datePublished\":\"2025-12-22T15:03:28+00:00\",\"dateModified\":\"2026-01-22T14:53:08+00:00\",\"breadcrumb\":{\"@id\":\"https:\/\/www.winearoma.co\/fr\/mentions-legales\/#breadcrumb\"},\"inLanguage\":\"fr-FR\",\"potentialAction\":[{\"@type\":\"ReadAction\",\"target\":[\"https:\/\/www.winearoma.co\/fr\/mentions-legales\/\"]}]},{\"@type\":\"BreadcrumbList\",\"@id\":\"https:\/\/www.winearoma.co\/fr\/mentions-legales\/#breadcrumb\",\"itemListElement\":[{\"@type\":\"ListItem\",\"position\":1,\"name\":\"Home\",\"item\":\"https:\/\/www.winearoma.co\/fr\/\"},{\"@type\":\"ListItem\",\"position\":2,\"name\":\"Mentions l\u00e9gales\"}]},{\"@type\":\"WebSite\",\"@id\":\"https:\/\/www.winearoma.co\/fr\/#website\",\"url\":\"https:\/\/www.winearoma.co\/fr\/\",\"name\":\"Wine Aroma\",\"description\":\"\",\"publisher\":{\"@id\":\"https:\/\/www.winearoma.co\/fr\/#organization\"},\"potentialAction\":[{\"@type\":\"SearchAction\",\"target\":{\"@type\":\"EntryPoint\",\"urlTemplate\":\"https:\/\/www.winearoma.co\/fr\/?s={search_term_string}\"},\"query-input\":{\"@type\":\"PropertyValueSpecification\",\"valueRequired\":true,\"valueName\":\"search_term_string\"}}],\"inLanguage\":\"fr-FR\"},{\"@type\":\"Organization\",\"@id\":\"https:\/\/www.winearoma.co\/fr\/#organization\",\"name\":\"Wine Aroma\",\"url\":\"https:\/\/www.winearoma.co\/fr\/\",\"logo\":{\"@type\":\"ImageObject\",\"inLanguage\":\"fr-FR\",\"@id\":\"https:\/\/www.winearoma.co\/fr\/#\/schema\/logo\/image\/\",\"url\":\"https:\/\/www.winearoma.co\/app\/uploads\/2025\/12\/logo-black.png\",\"contentUrl\":\"https:\/\/www.winearoma.co\/app\/uploads\/2025\/12\/logo-black.png\",\"width\":300,\"height\":69,\"caption\":\"Wine Aroma\"},\"image\":{\"@id\":\"https:\/\/www.winearoma.co\/fr\/#\/schema\/logo\/image\/\"}}]}<\/script>\n<!-- \/ Yoast SEO plugin. -->","yoast_head_json":{"title":"Mentions l\u00e9gales - Wine Aroma","robots":{"index":"index","follow":"follow","max-snippet":"max-snippet:-1","max-image-preview":"max-image-preview:large","max-video-preview":"max-video-preview:-1"},"canonical":"https:\/\/www.winearoma.co\/fr\/mentions-legales\/","og_locale":"fr_FR","og_type":"article","og_title":"Mentions l\u00e9gales - Wine Aroma","og_description":"\u00c9diteur du site Le pr\u00e9sent site, accessible \u00e0 l\u2019URL www.winearoma.co (ci-apr\u00e8s le \u00ab Site \u00bb), est \u00e9dit\u00e9 par : Wine AromaForme juridique : SASCapital social : 20 000 \u20acSi\u00e8ge social : Immatricul\u00e9 au RCS de Libourne sous le num\u00e9ro 987858156Num\u00e9ro de TVA intracommunautaire : FR22987858156T\u00e9l\u00e9phone : Adresse e-mail : Directeur de la publication : Samuel [&hellip;]","og_url":"https:\/\/www.winearoma.co\/fr\/mentions-legales\/","og_site_name":"Wine Aroma","article_modified_time":"2026-01-22T14:53:08+00:00","twitter_card":"summary_large_image","twitter_misc":{"Dur\u00e9e de lecture estim\u00e9e":"2 minutes"},"schema":{"@context":"https:\/\/schema.org","@graph":[{"@type":"WebPage","@id":"https:\/\/www.winearoma.co\/fr\/mentions-legales\/","url":"https:\/\/www.winearoma.co\/fr\/mentions-legales\/","name":"Mentions l\u00e9gales - Wine Aroma","isPartOf":{"@id":"https:\/\/www.winearoma.co\/fr\/#website"},"datePublished":"2025-12-22T15:03:28+00:00","dateModified":"2026-01-22T14:53:08+00:00","breadcrumb":{"@id":"https:\/\/www.winearoma.co\/fr\/mentions-legales\/#breadcrumb"},"inLanguage":"fr-FR","potentialAction":[{"@type":"ReadAction","target":["https:\/\/www.winearoma.co\/fr\/mentions-legales\/"]}]},{"@type":"BreadcrumbList","@id":"https:\/\/www.winearoma.co\/fr\/mentions-legales\/#breadcrumb","itemListElement":[{"@type":"ListItem","position":1,"name":"Home","item":"https:\/\/www.winearoma.co\/fr\/"},{"@type":"ListItem","position":2,"name":"Mentions l\u00e9gales"}]},{"@type":"WebSite","@id":"https:\/\/www.winearoma.co\/fr\/#website","url":"https:\/\/www.winearoma.co\/fr\/","name":"Wine Aroma","description":"","publisher":{"@id":"https:\/\/www.winearoma.co\/fr\/#organization"},"potentialAction":[{"@type":"SearchAction","target":{"@type":"EntryPoint","urlTemplate":"https:\/\/www.winearoma.co\/fr\/?s={search_term_string}"},"query-input":{"@type":"PropertyValueSpecification","valueRequired":true,"valueName":"search_term_string"}}],"inLanguage":"fr-FR"},{"@type":"Organization","@id":"https:\/\/www.winearoma.co\/fr\/#organization","name":"Wine Aroma","url":"https:\/\/www.winearoma.co\/fr\/","logo":{"@type":"ImageObject","inLanguage":"fr-FR","@id":"https:\/\/www.winearoma.co\/fr\/#\/schema\/logo\/image\/","url":"https:\/\/www.winearoma.co\/app\/uploads\/2025\/12\/logo-black.png","contentUrl":"https:\/\/www.winearoma.co\/app\/uploads\/2025\/12\/logo-black.png","width":300,"height":69,"caption":"Wine Aroma"},"image":{"@id":"https:\/\/www.winearoma.co\/fr\/#\/schema\/logo\/image\/"}}]}},"_links":{"self":[{"href":"https:\/\/www.winearoma.co\/fr\/wp-json\/wp\/v2\/pages\/253","targetHints":{"allow":["GET"]}}],"collection":[{"href":"https:\/\/www.winearoma.co\/fr\/wp-json\/wp\/v2\/pages"}],"about":[{"href":"https:\/\/www.winearoma.co\/fr\/wp-json\/wp\/v2\/types\/page"}],"author":[{"embeddable":true,"href":"https:\/\/www.winearoma.co\/fr\/wp-json\/wp\/v2\/users\/1"}],"replies":[{"embeddable":true,"href":"https:\/\/www.winearoma.co\/fr\/wp-json\/wp\/v2\/comments?post=253"}],"version-history":[{"count":0,"href":"https:\/\/www.winearoma.co\/fr\/wp-json\/wp\/v2\/pages\/253\/revisions"}],"wp:attachment":[{"href":"https:\/\/www.winearoma.co\/fr\/wp-json\/wp\/v2\/media?parent=253"}],"curies":[{"name":"wp","href":"https:\/\/api.w.org\/{rel}","templated":true}]}}