{"id":260,"date":"2025-12-22T16:04:38","date_gmt":"2025-12-22T15:04:38","guid":{"rendered":"https:\/\/www.winearoma.co\/?page_id=260"},"modified":"2026-01-06T10:01:17","modified_gmt":"2026-01-06T09:01:17","slug":"declaration-accessibilite","status":"publish","type":"page","link":"https:\/\/www.winearoma.co\/fr\/declaration-accessibilite\/","title":{"rendered":"D\u00e9claration d&rsquo;accessibilit\u00e9"},"content":{"rendered":"\t\t<div data-elementor-type=\"wp-page\" data-elementor-id=\"260\" class=\"elementor elementor-260\" data-elementor-post-type=\"page\">\n\t\t\t\t<div class=\"elementor-element elementor-element-4d2c4ca e-flex e-con-boxed e-con e-parent\" data-id=\"4d2c4ca\" data-element_type=\"container\">\n\t\t\t\t\t<div class=\"e-con-inner\">\n\t\t\t\t<div class=\"elementor-element elementor-element-9976f17 elementor-widget elementor-widget-text-editor\" data-id=\"9976f17\" data-element_type=\"widget\" data-widget_type=\"text-editor.default\">\n\t\t\t\t\t\t\t\t\t<h2>D\u00e9claration d\u2019accessibilit\u00e9 www.winearoma.co<\/h2><p>Winearoma s\u2019engage \u00e0 rendre ses sites internet et applications accessibles conform\u00e9ment \u00e0 l\u2019article 47 de la loi n\u00b0 2005-102 du 11 f\u00e9vrier 2005.<\/p><h2>\u00c9tat de conformit\u00e9<\/h2><p>\u00c0 ce jour, le site www.winearoma.co n\u2019a pas encore fait l\u2019objet d\u2019un audit d\u2019accessibilit\u00e9 num\u00e9rique. En cons\u00e9quence, il est d\u00e9clar\u00e9 non conforme au r\u00e9f\u00e9rentiel g\u00e9n\u00e9ral d\u2019am\u00e9lioration de l\u2019accessibilit\u00e9 (RGAA), version 4.1.2.<\/p><h2>Am\u00e9lioration et contact<\/h2><p>Nous travaillons actuellement activement \u00e0 la mise en conformit\u00e9 de ce site avec le RGAA et pr\u00e9voyons un audit.<\/p><p>Si vous rencontrez un d\u00e9faut d\u2019accessibilit\u00e9 vous emp\u00eachant d\u2019acc\u00e9der \u00e0 un contenu ou \u00e0 une fonctionnalit\u00e9, vous pouvez d\u2019ores et d\u00e9j\u00e0 nous le signaler afin que nous puissions vous proposer une alternative accessible ou corriger le probl\u00e8me.<\/p><p>Contact : contact@winearoma.com<\/p><h2>Voies de recours<\/h2><p>Si vous constatez un d\u00e9faut d\u2019accessibilit\u00e9 vous emp\u00eachant d\u2019acc\u00e9der \u00e0 un contenu ou une fonctionnalit\u00e9 du site, que vous nous le signalez et que vous ne parvenez pas \u00e0 obtenir une r\u00e9ponse de notre part, vous \u00eates en droit de faire parvenir vos dol\u00e9ances ou une demande de saisine au D\u00e9fenseur des droits.<\/p><p>Plusieurs moyens sont \u00e0 votre disposition :<\/p><p>\u00c9crire un message au D\u00e9fenseur des droits<br \/>Contacter le d\u00e9l\u00e9gu\u00e9 du D\u00e9fenseur des droits dans votre r\u00e9gion<br \/>Envoyer un courrier par la poste (gratuit, ne pas mettre de timbre) :<br \/>D\u00e9fenseur des droits<br \/>Libre r\u00e9ponse 71120<br \/>75342 Paris CEDEX 07<\/p><p>\u00a0<\/p>\t\t\t\t\t\t\t\t<\/div>\n\t\t\t\t\t<\/div>\n\t\t\t\t<\/div>\n\t\t\t\t<\/div>\n\t\t","protected":false},"excerpt":{"rendered":"<p>D\u00e9claration d\u2019accessibilit\u00e9 www.winearoma.co Winearoma s\u2019engage \u00e0 rendre ses sites internet et applications accessibles conform\u00e9ment \u00e0 l\u2019article 47 de la loi n\u00b0 2005-102 du 11 f\u00e9vrier 2005. \u00c9tat de conformit\u00e9 \u00c0 ce jour, le site www.winearoma.co n\u2019a pas encore fait l\u2019objet d\u2019un audit d\u2019accessibilit\u00e9 num\u00e9rique. En cons\u00e9quence, il est d\u00e9clar\u00e9 non conforme au r\u00e9f\u00e9rentiel g\u00e9n\u00e9ral d\u2019am\u00e9lioration [&hellip;]<\/p>\n","protected":false},"author":1,"featured_media":0,"parent":0,"menu_order":0,"comment_status":"closed","ping_status":"closed","template":"","meta":{"ocean_post_layout":"","ocean_both_sidebars_style":"","ocean_both_sidebars_content_width":0,"ocean_both_sidebars_sidebars_width":0,"ocean_sidebar":"","ocean_second_sidebar":"","ocean_disable_margins":"enable","ocean_add_body_class":"","ocean_shortcode_before_top_bar":"","ocean_shortcode_after_top_bar":"","ocean_shortcode_before_header":"","ocean_shortcode_after_header":"","ocean_has_shortcode":"","ocean_shortcode_after_title":"","ocean_shortcode_before_footer_widgets":"","ocean_shortcode_after_footer_widgets":"","ocean_shortcode_before_footer_bottom":"","ocean_shortcode_after_footer_bottom":"","ocean_display_top_bar":"default","ocean_display_header":"default","ocean_header_style":"","ocean_center_header_left_menu":"","ocean_custom_header_template":"","ocean_custom_logo":0,"ocean_custom_retina_logo":0,"ocean_custom_logo_max_width":0,"ocean_custom_logo_tablet_max_width":0,"ocean_custom_logo_mobile_max_width":0,"ocean_custom_logo_max_height":0,"ocean_custom_logo_tablet_max_height":0,"ocean_custom_logo_mobile_max_height":0,"ocean_header_custom_menu":"","ocean_menu_typo_font_family":"","ocean_menu_typo_font_subset":"","ocean_menu_typo_font_size":0,"ocean_menu_typo_font_size_tablet":0,"ocean_menu_typo_font_size_mobile":0,"ocean_menu_typo_font_size_unit":"px","ocean_menu_typo_font_weight":"","ocean_menu_typo_font_weight_tablet":"","ocean_menu_typo_font_weight_mobile":"","ocean_menu_typo_transform":"","ocean_menu_typo_transform_tablet":"","ocean_menu_typo_transform_mobile":"","ocean_menu_typo_line_height":0,"ocean_menu_typo_line_height_tablet":0,"ocean_menu_typo_line_height_mobile":0,"ocean_menu_typo_line_height_unit":"","ocean_menu_typo_spacing":0,"ocean_menu_typo_spacing_tablet":0,"ocean_menu_typo_spacing_mobile":0,"ocean_menu_typo_spacing_unit":"","ocean_menu_link_color":"","ocean_menu_link_color_hover":"","ocean_menu_link_color_active":"","ocean_menu_link_background":"","ocean_menu_link_hover_background":"","ocean_menu_link_active_background":"","ocean_menu_social_links_bg":"","ocean_menu_social_hover_links_bg":"","ocean_menu_social_links_color":"","ocean_menu_social_hover_links_color":"","ocean_disable_title":"default","ocean_disable_heading":"default","ocean_post_title":"","ocean_post_subheading":"","ocean_post_title_style":"","ocean_post_title_background_color":"","ocean_post_title_background":0,"ocean_post_title_bg_image_position":"","ocean_post_title_bg_image_attachment":"","ocean_post_title_bg_image_repeat":"","ocean_post_title_bg_image_size":"","ocean_post_title_height":0,"ocean_post_title_bg_overlay":0.5,"ocean_post_title_bg_overlay_color":"","ocean_disable_breadcrumbs":"default","ocean_breadcrumbs_color":"","ocean_breadcrumbs_separator_color":"","ocean_breadcrumbs_links_color":"","ocean_breadcrumbs_links_hover_color":"","ocean_display_footer_widgets":"default","ocean_display_footer_bottom":"default","ocean_custom_footer_template":"","ocean_post_description":"","ocean_post_has_header_border_bottom":"default","ocean_custom_responsive_logo":0,"omw_enable_modal_window":"enable","osh_disable_topbar_sticky":"default","osh_disable_header_sticky":"default","osh_sticky_header_style":"default","osh_sticky_header_effect":"","osh_custom_sticky_logo":0,"osh_custom_retina_sticky_logo":0,"osh_custom_sticky_logo_height":0,"osh_background_color":"","osh_links_color":"","osh_links_hover_color":"","osh_links_active_color":"","osh_links_bg_color":"","osh_links_hover_bg_color":"","osh_links_active_bg_color":"","osh_menu_social_links_color":"","osh_menu_social_hover_links_color":"","footnotes":""},"class_list":["post-260","page","type-page","status-publish","hentry","entry"],"yoast_head":"<!-- This site is optimized with the Yoast SEO plugin v26.7 - https:\/\/yoast.com\/wordpress\/plugins\/seo\/ -->\n<title>D\u00e9claration d&#039;accessibilit\u00e9 - Wine Aroma<\/title>\n<meta name=\"robots\" content=\"index, follow, max-snippet:-1, max-image-preview:large, max-video-preview:-1\" \/>\n<link rel=\"canonical\" href=\"https:\/\/www.winearoma.co\/fr\/declaration-accessibilite\/\" \/>\n<meta property=\"og:locale\" content=\"fr_FR\" \/>\n<meta property=\"og:type\" content=\"article\" \/>\n<meta property=\"og:title\" content=\"D\u00e9claration d&#039;accessibilit\u00e9 - Wine Aroma\" \/>\n<meta property=\"og:description\" content=\"D\u00e9claration d\u2019accessibilit\u00e9 www.winearoma.co Winearoma s\u2019engage \u00e0 rendre ses sites internet et applications accessibles conform\u00e9ment \u00e0 l\u2019article 47 de la loi n\u00b0 2005-102 du 11 f\u00e9vrier 2005. \u00c9tat de conformit\u00e9 \u00c0 ce jour, le site www.winearoma.co n\u2019a pas encore fait l\u2019objet d\u2019un audit d\u2019accessibilit\u00e9 num\u00e9rique. En cons\u00e9quence, il est d\u00e9clar\u00e9 non conforme au r\u00e9f\u00e9rentiel g\u00e9n\u00e9ral d\u2019am\u00e9lioration [&hellip;]\" \/>\n<meta property=\"og:url\" content=\"https:\/\/www.winearoma.co\/fr\/declaration-accessibilite\/\" \/>\n<meta property=\"og:site_name\" content=\"Wine Aroma\" \/>\n<meta property=\"article:modified_time\" content=\"2026-01-06T09:01:17+00:00\" \/>\n<meta name=\"twitter:card\" content=\"summary_large_image\" \/>\n<meta name=\"twitter:label1\" content=\"Dur\u00e9e de lecture estim\u00e9e\" \/>\n\t<meta name=\"twitter:data1\" content=\"2 minutes\" \/>\n<script type=\"application\/ld+json\" class=\"yoast-schema-graph\">{\"@context\":\"https:\/\/schema.org\",\"@graph\":[{\"@type\":\"WebPage\",\"@id\":\"https:\/\/www.winearoma.co\/fr\/declaration-accessibilite\/\",\"url\":\"https:\/\/www.winearoma.co\/fr\/declaration-accessibilite\/\",\"name\":\"D\u00e9claration d'accessibilit\u00e9 - Wine Aroma\",\"isPartOf\":{\"@id\":\"https:\/\/www.winearoma.co\/fr\/#website\"},\"datePublished\":\"2025-12-22T15:04:38+00:00\",\"dateModified\":\"2026-01-06T09:01:17+00:00\",\"breadcrumb\":{\"@id\":\"https:\/\/www.winearoma.co\/fr\/declaration-accessibilite\/#breadcrumb\"},\"inLanguage\":\"fr-FR\",\"potentialAction\":[{\"@type\":\"ReadAction\",\"target\":[\"https:\/\/www.winearoma.co\/fr\/declaration-accessibilite\/\"]}]},{\"@type\":\"BreadcrumbList\",\"@id\":\"https:\/\/www.winearoma.co\/fr\/declaration-accessibilite\/#breadcrumb\",\"itemListElement\":[{\"@type\":\"ListItem\",\"position\":1,\"name\":\"Home\",\"item\":\"https:\/\/www.winearoma.co\/fr\/\"},{\"@type\":\"ListItem\",\"position\":2,\"name\":\"D\u00e9claration d&rsquo;accessibilit\u00e9\"}]},{\"@type\":\"WebSite\",\"@id\":\"https:\/\/www.winearoma.co\/fr\/#website\",\"url\":\"https:\/\/www.winearoma.co\/fr\/\",\"name\":\"Wine Aroma\",\"description\":\"\",\"publisher\":{\"@id\":\"https:\/\/www.winearoma.co\/fr\/#organization\"},\"potentialAction\":[{\"@type\":\"SearchAction\",\"target\":{\"@type\":\"EntryPoint\",\"urlTemplate\":\"https:\/\/www.winearoma.co\/fr\/?s={search_term_string}\"},\"query-input\":{\"@type\":\"PropertyValueSpecification\",\"valueRequired\":true,\"valueName\":\"search_term_string\"}}],\"inLanguage\":\"fr-FR\"},{\"@type\":\"Organization\",\"@id\":\"https:\/\/www.winearoma.co\/fr\/#organization\",\"name\":\"Wine Aroma\",\"url\":\"https:\/\/www.winearoma.co\/fr\/\",\"logo\":{\"@type\":\"ImageObject\",\"inLanguage\":\"fr-FR\",\"@id\":\"https:\/\/www.winearoma.co\/fr\/#\/schema\/logo\/image\/\",\"url\":\"https:\/\/www.winearoma.co\/app\/uploads\/2025\/12\/logo-black.png\",\"contentUrl\":\"https:\/\/www.winearoma.co\/app\/uploads\/2025\/12\/logo-black.png\",\"width\":300,\"height\":69,\"caption\":\"Wine Aroma\"},\"image\":{\"@id\":\"https:\/\/www.winearoma.co\/fr\/#\/schema\/logo\/image\/\"}}]}<\/script>\n<!-- \/ Yoast SEO plugin. -->","yoast_head_json":{"title":"D\u00e9claration d'accessibilit\u00e9 - Wine Aroma","robots":{"index":"index","follow":"follow","max-snippet":"max-snippet:-1","max-image-preview":"max-image-preview:large","max-video-preview":"max-video-preview:-1"},"canonical":"https:\/\/www.winearoma.co\/fr\/declaration-accessibilite\/","og_locale":"fr_FR","og_type":"article","og_title":"D\u00e9claration d'accessibilit\u00e9 - Wine Aroma","og_description":"D\u00e9claration d\u2019accessibilit\u00e9 www.winearoma.co Winearoma s\u2019engage \u00e0 rendre ses sites internet et applications accessibles conform\u00e9ment \u00e0 l\u2019article 47 de la loi n\u00b0 2005-102 du 11 f\u00e9vrier 2005. \u00c9tat de conformit\u00e9 \u00c0 ce jour, le site www.winearoma.co n\u2019a pas encore fait l\u2019objet d\u2019un audit d\u2019accessibilit\u00e9 num\u00e9rique. En cons\u00e9quence, il est d\u00e9clar\u00e9 non conforme au r\u00e9f\u00e9rentiel g\u00e9n\u00e9ral d\u2019am\u00e9lioration [&hellip;]","og_url":"https:\/\/www.winearoma.co\/fr\/declaration-accessibilite\/","og_site_name":"Wine Aroma","article_modified_time":"2026-01-06T09:01:17+00:00","twitter_card":"summary_large_image","twitter_misc":{"Dur\u00e9e de lecture estim\u00e9e":"2 minutes"},"schema":{"@context":"https:\/\/schema.org","@graph":[{"@type":"WebPage","@id":"https:\/\/www.winearoma.co\/fr\/declaration-accessibilite\/","url":"https:\/\/www.winearoma.co\/fr\/declaration-accessibilite\/","name":"D\u00e9claration d'accessibilit\u00e9 - Wine Aroma","isPartOf":{"@id":"https:\/\/www.winearoma.co\/fr\/#website"},"datePublished":"2025-12-22T15:04:38+00:00","dateModified":"2026-01-06T09:01:17+00:00","breadcrumb":{"@id":"https:\/\/www.winearoma.co\/fr\/declaration-accessibilite\/#breadcrumb"},"inLanguage":"fr-FR","potentialAction":[{"@type":"ReadAction","target":["https:\/\/www.winearoma.co\/fr\/declaration-accessibilite\/"]}]},{"@type":"BreadcrumbList","@id":"https:\/\/www.winearoma.co\/fr\/declaration-accessibilite\/#breadcrumb","itemListElement":[{"@type":"ListItem","position":1,"name":"Home","item":"https:\/\/www.winearoma.co\/fr\/"},{"@type":"ListItem","position":2,"name":"D\u00e9claration d&rsquo;accessibilit\u00e9"}]},{"@type":"WebSite","@id":"https:\/\/www.winearoma.co\/fr\/#website","url":"https:\/\/www.winearoma.co\/fr\/","name":"Wine Aroma","description":"","publisher":{"@id":"https:\/\/www.winearoma.co\/fr\/#organization"},"potentialAction":[{"@type":"SearchAction","target":{"@type":"EntryPoint","urlTemplate":"https:\/\/www.winearoma.co\/fr\/?s={search_term_string}"},"query-input":{"@type":"PropertyValueSpecification","valueRequired":true,"valueName":"search_term_string"}}],"inLanguage":"fr-FR"},{"@type":"Organization","@id":"https:\/\/www.winearoma.co\/fr\/#organization","name":"Wine Aroma","url":"https:\/\/www.winearoma.co\/fr\/","logo":{"@type":"ImageObject","inLanguage":"fr-FR","@id":"https:\/\/www.winearoma.co\/fr\/#\/schema\/logo\/image\/","url":"https:\/\/www.winearoma.co\/app\/uploads\/2025\/12\/logo-black.png","contentUrl":"https:\/\/www.winearoma.co\/app\/uploads\/2025\/12\/logo-black.png","width":300,"height":69,"caption":"Wine Aroma"},"image":{"@id":"https:\/\/www.winearoma.co\/fr\/#\/schema\/logo\/image\/"}}]}},"_links":{"self":[{"href":"https:\/\/www.winearoma.co\/fr\/wp-json\/wp\/v2\/pages\/260","targetHints":{"allow":["GET"]}}],"collection":[{"href":"https:\/\/www.winearoma.co\/fr\/wp-json\/wp\/v2\/pages"}],"about":[{"href":"https:\/\/www.winearoma.co\/fr\/wp-json\/wp\/v2\/types\/page"}],"author":[{"embeddable":true,"href":"https:\/\/www.winearoma.co\/fr\/wp-json\/wp\/v2\/users\/1"}],"replies":[{"embeddable":true,"href":"https:\/\/www.winearoma.co\/fr\/wp-json\/wp\/v2\/comments?post=260"}],"version-history":[{"count":0,"href":"https:\/\/www.winearoma.co\/fr\/wp-json\/wp\/v2\/pages\/260\/revisions"}],"wp:attachment":[{"href":"https:\/\/www.winearoma.co\/fr\/wp-json\/wp\/v2\/media?parent=260"}],"curies":[{"name":"wp","href":"https:\/\/api.w.org\/{rel}","templated":true}]}}